{"id":3150,"date":"2019-10-01T17:36:09","date_gmt":"2019-10-01T15:36:09","guid":{"rendered":"http:\/\/www.sagaplastic.com\/privacy-policy\/"},"modified":"2020-12-16T17:44:19","modified_gmt":"2020-12-16T16:44:19","slug":"privacy-policy","status":"publish","type":"page","link":"https:\/\/www.sagaplastic.com\/en\/privacy-policy\/","title":{"rendered":"Privacy Policy"},"content":{"rendered":"\t\t<div data-elementor-type=\"wp-page\" data-elementor-id=\"3150\" class=\"elementor elementor-3150 elementor-3\" data-elementor-settings=\"[]\">\n\t\t\t\t\t\t<div class=\"elementor-inner\">\n\t\t\t\t\t\t\t<div class=\"elementor-section-wrap\">\n\t\t\t\t\t\t\t<section class=\"elementor-section elementor-top-section elementor-element elementor-element-3886f4bd elementor-section-boxed elementor-section-height-default elementor-section-height-default\" data-id=\"3886f4bd\" data-element_type=\"section\">\n\t\t\t\t\t\t<div class=\"elementor-container elementor-column-gap-default\">\n\t\t\t\t\t\t\t<div class=\"elementor-row\">\n\t\t\t\t\t<div class=\"elementor-column elementor-col-100 elementor-top-column elementor-element elementor-element-2c177c63\" data-id=\"2c177c63\" data-element_type=\"column\">\n\t\t\t<div class=\"elementor-column-wrap elementor-element-populated\">\n\t\t\t\t\t\t\t<div class=\"elementor-widget-wrap\">\n\t\t\t\t\t\t<div class=\"elementor-element elementor-element-cf1cec3 elementor-widget elementor-widget-heading\" data-id=\"cf1cec3\" data-element_type=\"widget\" data-widget_type=\"heading.default\">\n\t\t\t\t<div class=\"elementor-widget-container\">\n\t\t\t<h1 class=\"elementor-heading-title elementor-size-default\">PRIVACY POLICY<\/h1>\t\t<\/div>\n\t\t\t\t<\/div>\n\t\t\t\t<div class=\"elementor-element elementor-element-6e07a489 elementor-widget elementor-widget-text-editor\" data-id=\"6e07a489\" data-element_type=\"widget\" data-widget_type=\"text-editor.default\">\n\t\t\t\t<div class=\"elementor-widget-container\">\n\t\t\t\t\t<div class=\"elementor-text-editor elementor-clearfix\">\n<p class=\"p1\">Questa Applicazione raccoglie alcuni Dati Personali dei propri Utenti.<\/p>\n<p class=\"p1\">\u00a0<\/p>\n<p class=\"p2\"><b>Titolare del trattamento<\/b><\/p>\n<p class=\"p1\">Saga S.p.A.<\/p>\n<p class=\"p1\">via T. Edison, 9<\/p>\n<p class=\"p1\">35010 Cadoneghe (PD)<\/p>\n<p class=\"p1\">P.I. IT00800300287<\/p>\n<p class=\"p1\">Phone: ++39 049 8888511<\/p>\n<p class=\"p1\">Telefax: ++39 049 8888688<\/p>\n<p class=\"p1\">\u00a0<\/p>\n<p class=\"p2\"><b>Tipologie di Dati raccolti<\/b><\/p>\n<p class=\"p1\">Fra i Dati Personali raccolti da questa Applicazione, in modo autonomo o tramite terze parti, ci sono: Cookie, Dati di utilizzo, Nome, Cognome e Email.<\/p>\n<p class=\"p1\">\u00a0<\/p>\n<p class=\"p1\">Altri Dati Personali raccolti potrebbero essere indicati in altre sezioni di questa privacy policy o mediante testi informativi visualizzati contestualmente alla raccolta dei Dati stessi. I Dati Personali possono essere inseriti volontariamente dall\u2019Utente, oppure raccolti in modo automatico durante l&#8217;uso di questa Applicazione. L\u2019eventuale utilizzo di Cookie &#8211; o di altri strumenti di tracciamento &#8211; da parte di questa Applicazione o dei titolari dei servizi terzi utilizzati da questa Applicazione, ove non diversamente precisato, ha la finalit\u00e0 di identificare l\u2019Utente e registrare le relative preferenze per finalit\u00e0 strettamente legate all&#8217;erogazione del servizio richiesto dall\u2019Utente. Il mancato conferimento da parte dell\u2019Utente di alcuni Dati Personali potrebbe impedire a questa Applicazione di erogare i propri servizi. L&#8217;Utente si assume la responsabilit\u00e0 dei Dati Personali di terzi pubblicati o condivisi mediante questa Applicazione e garantisce di avere il diritto di comunicarli o diffonderli, liberando il Titolare da qualsiasi responsabilit\u00e0 verso terzi.<\/p>\n<p class=\"p1\">\u00a0<\/p>\n<p class=\"p2\"><b>Modalit\u00e0 e luogo del trattamento dei Dati raccolti<\/b><\/p>\n<p class=\"p1\"><b>Modalit\u00e0 di trattamento<\/b><\/p>\n<p class=\"p1\">Il Titolare tratta i Dati Personali degli Utenti adottando le opportune misure di sicurezza volte ad impedire l\u2019accesso, la divulgazione, la modifica o la distruzione non autorizzate dei Dati Personali. Il trattamento viene effettuato mediante strumenti informatici e\/o telematici, con modalit\u00e0 organizzative e con logiche strettamente correlate alle finalit\u00e0 indicate. Oltre al Titolare, in alcuni casi, potrebbero avere accesso ai Dati categorie di incaricati coinvolti nell\u2019organizzazione del sito (personale amministrativo, commerciale, marketing, legali, amministratori di sistema) ovvero soggetti esterni (come fornitori di servizi tecnici terzi, corrieri postali, hosting provider, societ\u00e0 informatiche, agenzie di comunicazione) nominati anche, se necessario, Responsabili del Trattamento da parte del Titolare. L\u2019elenco aggiornato dei Responsabili potr\u00e0 sempre essere richiesto al Titolare del Trattamento.<\/p>\n<p class=\"p1\"><b>Luogo<\/b><\/p>\n<p class=\"p1\">I Dati sono trattati presso le sedi operative del Titolare ed in ogni altro luogo in cui le parti coinvolte nel trattamento siano localizzate. Per ulteriori informazioni, contatta il Titolare.<\/p>\n<p class=\"p1\"><b>Tempi<\/b><\/p>\n<p class=\"p1\">I Dati sono trattati per il tempo necessario allo svolgimento del servizio richiesto dall\u2019Utente, o richiesto dalle finalit\u00e0 descritte in questo documento, e l\u2019Utente pu\u00f2 sempre chiedere l\u2019interruzione del Trattamento o la cancellazione dei Dati.<\/p>\n<p class=\"p1\">\u00a0<\/p>\n<p class=\"p2\"><b>Finalit\u00e0 del Trattamento dei Dati raccolti<\/b><\/p>\n<p class=\"p1\">I Dati dell\u2019Utente sono raccolti per consentire al Titolare di fornire i propri servizi, cos\u00ec come per le seguenti finalit\u00e0: Statistica e Contattare l&#8217;Utente. Le tipologie di Dati Personali utilizzati per ciascuna finalit\u00e0 sono indicati nelle sezioni specifiche di questo documento.<\/p>\n<p class=\"p1\">\u00a0<\/p>\n<p class=\"p2\"><b>Dettagli sul trattamento dei Dati Personali<\/b><\/p>\n<p class=\"p1\">I Dati Personali sono raccolti per le seguenti finalit\u00e0 ed utilizzando i seguenti servizi:<\/p>\n<p class=\"p1\"><b>Contattare l&#8217;Utente<\/b><\/p>\n<p class=\"p1\">Modulo di contatto (Questa Applicazione) L\u2019Utente, compilando con i propri Dati il modulo di contatto (quando attivato), acconsente al loro utilizzo per rispondere alle richieste di informazioni, di preventivo, o di qualunque altra natura indicata dall\u2019intestazione del modulo. Dati personali raccolti: Cognome, Email e Nome.<\/p>\n<p class=\"p1\"><b>Statistica<\/b><\/p>\n<p class=\"p1\">I servizi contenuti nella presente sezione permettono al Titolare del Trattamento di monitorare e analizzare i dati di traffico e servono a tener traccia del comportamento dell\u2019Utente.<\/p>\n<p class=\"p1\">Google Analytics (Google Inc.) Google Analytics \u00e8 un servizio di analisi web fornito da Google Inc. (\u201cGoogle\u201d). Google utilizza i Dati Personali raccolti allo scopo di tracciare ed esaminare l\u2019utilizzo di questa Applicazione, compilare report e condividerli con gli altri servizi sviluppati da Google. Google potrebbe utilizzare i Dati Personali per contestualizzare e personalizzare gli annunci del proprio network pubblicitario. Dati personali raccolti: Cookie e Dati di utilizzo. Luogo del trattamento : USA \u2013 <a href=\"http:\/\/www.google.com\/intl\/en\/policies\/privacy\/\"><span class=\"s1\">Privacy <\/span><\/a>&#8211; <a href=\"http:\/\/tools.google.com\/dlpage\/gaoptout?hl=en\"><span class=\"s1\">Opt-out<\/span><\/a><\/p>\n<p class=\"p1\"><b>Interazione con social network e piattaforme esterne<\/b><\/p>\n<p class=\"p1\">Questi servizi permettono di effettuare interazioni con i social network, o con altre piattaforme esterne, direttamente dalle pagine di questa Applicazione. Le interazioni e le informazioni acquisite da questa Applicazione sono in ogni caso soggette alle impostazioni privacy dell\u2019Utente relative ad ogni social network. Nel caso in cui sia installato un servizio di interazione con i social network, \u00e8 possibile che, anche nel caso gli Utenti non utilizzino il servizio, lo stesso raccolga dati di traffico relativi alle pagine in cui \u00e8 installato.<\/p>\n<p class=\"p1\">Pulsante Mi Piace e widget sociali di Facebook (Facebook, Inc.)<\/p>\n<p class=\"p1\">Il pulsante \u201cMi Piace\u201d e i widget sociali di Facebook sono servizi di interazione con il social network Facebook, forniti da Facebook, Inc. Dati personali raccolti: Cookie e Dati di utilizzo. Luogo del trattamento : USA \u2013 <a href=\"http:\/\/www.facebook.com\/privacy\/explanation.php\"><span class=\"s1\">Privacy<\/span><\/a><\/p>\n<p class=\"p1\">Pulsante +1 e widget sociali di Google+ (Google Inc.)<\/p>\n<p class=\"p1\">Il pulsante +1 e i widget sociali di Google+ sono servizi di interazione con il social network Google+, forniti da Google Inc. Dati personali raccolti: Cookie e Dati di utilizzo. Luogo del trattamento : USA &#8211; <a href=\"http:\/\/www.google.com\/intl\/en\/policies\/privacy\/\"><span class=\"s1\">Privacy<\/span><\/a><\/p>\n<p class=\"p1\">Pulsante Tweet e widget sociali di Twitter (Twitter, Inc.)<\/p>\n<p class=\"p1\">Il pulsante Tweet e i widget sociali di Twitter sono servizi di interazione con il social network Twitter, forniti da Twitter, Inc. Dati personali raccolti: Cookie e Dati di utilizzo. Luogo del trattamento : USA \u2013 <a href=\"http:\/\/twitter.com\/privacy\"><span class=\"s1\">Privacy<\/span><\/a><\/p>\n<p class=\"p1\"><b>Visualizzazione di contenuti da piattaforme esterne<\/b><\/p>\n<p class=\"p1\">Questi servizi permettono di visualizzare contenuti ospitati su piattaforme esterne direttamente dalle pagine di questa Applicazione e di interagire con essi. Nel caso in cui sia installato un servizio di questo tipo, \u00e8 possibile che, anche nel caso gli Utenti non utilizzino il servizio, lo stesso raccolga dati di traffico relativi alle pagine in cui \u00e8 installato.<\/p>\n<p class=\"p1\">Widget Video Youtube (Google Inc.)<\/p>\n<p class=\"p1\">Youtube \u00e8 un servizio di visualizzazione di contenuti video gestito da Google Inc. che permette a questa Applicazione di integrare tali contenuti all\u2019interno delle proprie pagine. Dati personali raccolti: Cookie e Dati di utilizzo. Luogo del trattamento : USA \u2013 <a href=\"http:\/\/www.google.it\/intl\/it\/policies\/privacy\/\"><span class=\"s1\">Privacy Policy<\/span><\/a><\/p>\n<p class=\"p1\">Widget Google Maps (Google Inc.)<\/p>\n<p class=\"p1\">Google Maps \u00e8 un servizio di visualizzazione di mappe gestito da Google Inc. che permette a questa Applicazione di integrare tali contenuti all\u2019interno delle proprie pagine. Dati personali raccolti: Cookie e Dati di utilizzo. Luogo del trattamento : USA \u2013 <a href=\"http:\/\/www.google.it\/intl\/it\/policies\/privacy\/\"><span class=\"s1\">Privacy Policy<\/span><\/a><\/p>\n<p class=\"p1\"><b>Remarketing<\/b><\/p>\n<p class=\"p1\">Il sito utilizza anche la funzione di \u201cremarketing\u201d di Google Adwords. Questa funzione permette di pubblicare, nella rete di contenuti di Google (per maggiori informazioni visitare <a href=\"https:\/\/support.google.com\/adwordspolicy\/answer\/143465?hl=it&amp;rd=1\"><span class=\"s1\">questa pagina<\/span><\/a>), annunci personalizzati in base alle pagine visitate dagli utenti sul sito. Alcune pagine del sito, quindi, includono un codice definito \u201ccodice remarketing\u201d che permette di leggere e configurare i cookies del browser in modo da determinare il tipo di annuncio che l\u2019Utente visualizzer\u00e0 in funzione dei dati relativi alla sua visita sul sito. Le liste di remarketing create sono conservate nei server di Google in cui si conservano tutti gli ID dei cookies associati agli interessi. Le informazioni ottenute consentono di identificare solo il browser e non \u00e8 possibile in nessun modo identificare l\u2019Utente (maggiori informazioni sullo strumento di remarketing sono disponibili a <a href=\"https:\/\/support.google.com\/adwordspolicy\/answer\/143465?hl=it&amp;rd=1\"><span class=\"s1\">questo link<\/span><\/a>). L\u2019Utente pu\u00f2 prendere visione della <a href=\"http:\/\/www.google.it\/intl\/it\/analytics\/privacyoverview.html\"><span class=\"s1\">privacy policy di Google Analytics<\/span><\/a> e delle <a href=\"http:\/\/www.google.com\/policies\/technologies\/ads\/\"><span class=\"s1\">policies sui cookies di Google Adwords<\/span><\/a>.<\/p>\n<p class=\"p1\">\u00a0<\/p>\n<p class=\"p2\"><b>Ulteriori informazioni sul trattamento<\/b><\/p>\n<p class=\"p1\"><b>Difesa in giudizio<\/b><\/p>\n<p class=\"p1\">I Dati Personali dell\u2019Utente possono essere utilizzati per la difesa da parte del Titolare in giudizio o nelle fasi propedeutiche alla sua eventuale instaurazione, da abusi nell&#8217;utilizzo della stessa o dei servizi connessi da parte dell\u2019Utente. L\u2019Utente dichiara di essere consapevole che il Titolare potrebbe essere richiesto di rivelare i Dati su richiesta delle pubbliche autorit\u00e0.<\/p>\n<p class=\"p1\"><b>Informative specifiche<\/b><\/p>\n<p class=\"p1\">Su richiesta dell\u2019Utente, in aggiunta alle informazioni contenute in questa privacy policy, questa Applicazione potrebbe fornire all&#8217;Utente delle informative aggiuntive e contestuali riguardanti servizi specifici, o la raccolta ed il trattamento di Dati Personali.<\/p>\n<p class=\"p1\"><b>Log di sistema e manutenzione<\/b><\/p>\n<p class=\"p1\">Per necessit\u00e0 legate al funzionamento ed alla manutenzione, questa Applicazione e gli eventuali servizi terzi da essa utilizzati potrebbero raccogliere Log di sistema, ossia file che registrano le interazioni e che possono contenere anche Dati Personali, quali l\u2019indirizzo IP Utente.<\/p>\n<p class=\"p1\"><b>Informazioni non contenute in questa policy<\/b><\/p>\n<p class=\"p1\">Maggiori informazioni in relazione al trattamento dei Dati Personali potranno essere richieste in qualsiasi momento al Titolare del Trattamento utilizzando le informazioni di contatto.<\/p>\n<p class=\"p1\"><b>Esercizio dei diritti da parte degli Utenti<\/b><\/p>\n<p class=\"p1\">I soggetti cui si riferiscono i Dati Personali hanno il diritto in qualunque momento di ottenere la conferma dell&#8217;esistenza o meno degli stessi presso il Titolare del Trattamento, di conoscerne il contenuto e l&#8217;origine, di verificarne l&#8217;esattezza o chiederne l\u2019integrazione, la cancellazione, l&#8217;aggiornamento, la rettifica, la trasformazione in forma anonima o il blocco dei Dati Personali trattati in violazione di legge, nonch\u00e9 di opporsi in ogni caso, per motivi legittimi, al loro trattamento. Le richieste vanno rivolte al Titolare del Trattamento. Questa Applicazione non supporta le richieste \u201cDo Not Track\u201d. Per conoscere se gli eventuali servizi di terze parti utilizzati le supportano, consulta le loro privacy policy.<\/p>\n<p class=\"p1\"><b>Modifiche a questa privacy policy<\/b><\/p>\n<p class=\"p1\">Il Titolare del Trattamento si riserva il diritto di apportare modifiche alla presente privacy policy in qualunque momento dandone pubblicit\u00e0 agli Utenti su questa pagina. Si prega dunque di consultare spesso questa pagina, prendendo come riferimento la data di ultima modifica indicata in fondo. Nel caso di mancata accettazione delle modifiche apportate alla presente privacy policy, l\u2019Utente \u00e8 tenuto a cessare l\u2019utilizzo di questa Applicazione e pu\u00f2 richiedere al Titolare del Trattamento di rimuovere i propri Dati Personali. Salvo quanto diversamente specificato, la precedente privacy policy continuer\u00e0 ad applicarsi ai Dati Personali sino a quel momento raccolti.<\/p>\n<p class=\"p1\">\u00a0<\/p>\n<p class=\"p2\"><b>Definizioni<\/b><\/p>\n<p class=\"p1\"><b>Dati Personali (o Dati)<\/b><\/p>\n<p class=\"p1\">Costituisce dato personale qualunque informazione relativa a persona fisica, identificata o identificabile, anche indirettamente, mediante riferimento a qualsiasi altra informazione, ivi compreso un numero di identificazione personale.<\/p>\n<p class=\"p1\"><b>Dati di Utilizzo<\/b><\/p>\n<p class=\"p1\">Sono i dati personali raccolti in maniera automatica dall\u2019Applicazione (o dalle applicazioni di parti terze che la stessa utilizza), tra i quali: gli indirizzi IP o i nomi a dominio dei computer utilizzati dall\u2019Utente che si connette all\u2019Applicazione, gli indirizzi in notazione URI (Uniform Resource Identifier), l\u2019orario della richiesta, il metodo utilizzato nel sottoporre la richiesta al server, la dimensione del file ottenuto in risposta, il codice numerico indicante lo stato della risposta dal server (buon fine, errore, ecc.) il Paese di provenienza, le caratteristiche del browser e del sistema operativo utilizzati dal visitatore, le varie connotazioni temporali della visita (ad esempio il tempo di permanenza su ciascuna pagina) e i dettagli relativi all\u2019itinerario seguito all\u2019interno dell\u2019Applicazione, con particolare riferimento alla sequenza delle pagine consultate, ai parametri relativi al sistema operativo e all\u2019ambiente informatico dell\u2019Utente.<\/p>\n<p class=\"p1\"><b>Utente<\/b><\/p>\n<p class=\"p1\">L&#8217;individuo che utilizza questa Applicazione, che deve coincidere con l&#8217;Interessato o essere da questo autorizzato ed i cui Dati Personali sono oggetto del trattamento.<\/p>\n<p class=\"p1\"><b>Interessato<\/b><\/p>\n<p class=\"p1\">La persona fisica o giuridica cui si riferiscono i Dati Personali.<\/p>\n<p class=\"p1\"><b>Responsabile del Trattamento (o Responsabile)<\/b><\/p>\n<p class=\"p1\">La persona fisica, giuridica, la pubblica amministrazione e qualsiasi altro ente, associazione od organismo preposti dal Titolare al trattamento dei Dati Personali, secondo quanto predisposto dalla presente privacy policy.<\/p>\n<p class=\"p1\"><b>Titolare del Trattamento (o Titolare)<\/b><\/p>\n<p class=\"p1\">La persona fisica, giuridica, la pubblica amministrazione e qualsiasi altro ente, associazione od organismo cui competono, anche unitamente ad altro titolare, le decisioni in ordine alle finalit\u00e0, alle modalit\u00e0 del trattamento di dati personali ed agli strumenti utilizzati, ivi compreso il profilo della sicurezza, in relazione al funzionamento e alla fruizione di questa Applicazione. Il Titolare del Trattamento, salvo quanto diversamente specificato, \u00e8 il proprietario di questa Applicazione.<\/p>\n<p class=\"p1\"><b>Questa Applicazione<\/b><\/p>\n<p class=\"p1\">Lo strumento hardware o software mediante il quale sono raccolti i Dati Personali degli Utenti. Cookie Piccola porzione di dati conservata all&#8217;interno del dispositivo dell&#8217;Utente.<\/p>\n<p class=\"p1\">\u00a0<\/p>\n<p class=\"p2\"><b>Riferimenti legali<\/b><\/p>\n<p class=\"p1\">Avviso agli Utenti europei: la presente informativa privacy \u00e8 redatta in adempimento degli obblighi previsti dall\u2019Art. 10 della Direttiva n. 95\/46\/CE, nonch\u00e9 a quanto previsto dalla Direttiva 2002\/58\/CE, come aggiornata dalla Direttiva 2009\/136\/CE, in materia di Cookie.<\/p>\n<p class=\"p1\">Questa informativa privacy riguarda esclusivamente questa Applicazione.<\/p>\n<p class=\"p1\">Ultimo aggiornamento: 30\/09\/2015<\/p>\n<\/div>\n\t\t\t\t<\/div>\n\t\t\t\t<\/div>\n\t\t\t\t\t\t<\/div>\n\t\t\t\t\t<\/div>\n\t\t<\/div>\n\t\t\t\t\t\t\t\t<\/div>\n\t\t\t\t\t<\/div>\n\t\t<\/section>\n\t\t\t\t\t\t<\/div>\n\t\t\t\t\t\t<\/div>\n\t\t\t\t\t<\/div>\n\t\t","protected":false},"excerpt":{"rendered":"<p>PRIVACY POLICY Questa Applicazione raccoglie alcuni Dati Personali dei propri Utenti. Titolare del trattamento Saga S.p.A. via T. Edison, 9 35010 Cadoneghe (PD) P.I. IT00800300287 Phone: ++39 049 8888511 Telefax: ++39 049 8888688 Tipologie di Dati raccolti Fra i Dati Personali raccolti da questa Applicazione, in modo autonomo o tramite terze parti, ci sono: Cookie, [&hellip;]<\/p>\n","protected":false},"author":1,"featured_media":0,"parent":0,"menu_order":22,"comment_status":"closed","ping_status":"closed","template":"","meta":[],"yoast_head":"<!-- This site is optimized with the Yoast SEO plugin v15.7 - https:\/\/yoast.com\/wordpress\/plugins\/seo\/ -->\n<title>Privacy Policy - Saga<\/title>\n<meta name=\"robots\" content=\"index, follow, max-snippet:-1, max-image-preview:large, max-video-preview:-1\" \/>\n<link rel=\"canonical\" href=\"https:\/\/www.sagaplastic.com\/en\/privacy-policy\/?lang=en\" \/>\n<meta property=\"og:locale\" content=\"en_US\" \/>\n<meta property=\"og:type\" content=\"article\" \/>\n<meta property=\"og:title\" content=\"Privacy Policy - Saga\" \/>\n<meta property=\"og:description\" content=\"PRIVACY POLICY Questa Applicazione raccoglie alcuni Dati Personali dei propri Utenti. Titolare del trattamento Saga S.p.A. via T. Edison, 9 35010 Cadoneghe (PD) P.I. IT00800300287 Phone: ++39 049 8888511 Telefax: ++39 049 8888688 Tipologie di Dati raccolti Fra i Dati Personali raccolti da questa Applicazione, in modo autonomo o tramite terze parti, ci sono: Cookie, [&hellip;]\" \/>\n<meta property=\"og:url\" content=\"https:\/\/www.sagaplastic.com\/privacy-policy\/?lang=en\" \/>\n<meta property=\"og:site_name\" content=\"Saga\" \/>\n<meta property=\"article:modified_time\" content=\"2020-12-16T16:44:19+00:00\" \/>\n<meta name=\"twitter:card\" content=\"summary_large_image\" \/>\n<meta name=\"twitter:label1\" content=\"Est. reading time\">\n\t<meta name=\"twitter:data1\" content=\"10 minutes\">\n<script type=\"application\/ld+json\" class=\"yoast-schema-graph\">{\"@context\":\"https:\/\/schema.org\",\"@graph\":[{\"@type\":\"WebSite\",\"@id\":\"https:\/\/www.sagaplastic.com\/#website\",\"url\":\"https:\/\/www.sagaplastic.com\/\",\"name\":\"Saga\",\"description\":\"The Shape Of The Future\",\"potentialAction\":[{\"@type\":\"SearchAction\",\"target\":\"https:\/\/www.sagaplastic.com\/?s={search_term_string}\",\"query-input\":\"required name=search_term_string\"}],\"inLanguage\":\"en-US\"},{\"@type\":\"WebPage\",\"@id\":\"https:\/\/www.sagaplastic.com\/privacy-policy\/?lang=en#webpage\",\"url\":\"https:\/\/www.sagaplastic.com\/privacy-policy\/?lang=en\",\"name\":\"Privacy Policy - Saga\",\"isPartOf\":{\"@id\":\"https:\/\/www.sagaplastic.com\/#website\"},\"datePublished\":\"2019-10-01T15:36:09+00:00\",\"dateModified\":\"2020-12-16T16:44:19+00:00\",\"inLanguage\":\"en-US\",\"potentialAction\":[{\"@type\":\"ReadAction\",\"target\":[\"https:\/\/www.sagaplastic.com\/privacy-policy\/?lang=en\"]}]}]}<\/script>\n<!-- \/ Yoast SEO plugin. -->","_links":{"self":[{"href":"https:\/\/www.sagaplastic.com\/en\/wp-json\/wp\/v2\/pages\/3150"}],"collection":[{"href":"https:\/\/www.sagaplastic.com\/en\/wp-json\/wp\/v2\/pages"}],"about":[{"href":"https:\/\/www.sagaplastic.com\/en\/wp-json\/wp\/v2\/types\/page"}],"author":[{"embeddable":true,"href":"https:\/\/www.sagaplastic.com\/en\/wp-json\/wp\/v2\/users\/1"}],"replies":[{"embeddable":true,"href":"https:\/\/www.sagaplastic.com\/en\/wp-json\/wp\/v2\/comments?post=3150"}],"version-history":[{"count":1,"href":"https:\/\/www.sagaplastic.com\/en\/wp-json\/wp\/v2\/pages\/3150\/revisions"}],"predecessor-version":[{"id":3152,"href":"https:\/\/www.sagaplastic.com\/en\/wp-json\/wp\/v2\/pages\/3150\/revisions\/3152"}],"wp:attachment":[{"href":"https:\/\/www.sagaplastic.com\/en\/wp-json\/wp\/v2\/media?parent=3150"}],"curies":[{"name":"wp","href":"https:\/\/api.w.org\/{rel}","templated":true}]}}